{"id":9830,"date":"2024-02-20T14:03:32","date_gmt":"2024-02-20T14:03:32","guid":{"rendered":"https:\/\/mastercare.tech\/?post_type=product&#038;p=9830"},"modified":"2024-10-12T13:10:33","modified_gmt":"2024-10-12T13:10:33","slug":"dahua-ip-cam-5mp","status":"publish","type":"product","link":"https:\/\/mastercare.tech\/ar\/product\/dahua-ip-cam-5mp\/","title":{"rendered":"Dahua IP CAM 5MP outdoor Camera (2.8 mm)"},"content":{"rendered":"<ul>\n<li>www.dahuasecurity.com<\/li>\n<li>Dahua IP CAM 5MP<br \/>\nDH-IPC-HFW1530S-S6<br \/>\n5MP Entry IR Fixed-focal Bullet Network Camera<br \/>\n\u00b7 5MP 1\/2.7&#8243; CMOS image sensor, low luminance, and high definition<br \/>\nimage.<br \/>\n\u00b7 Outputs max. 5MP (2880 \u00d7 1620) @20 fps and supports 2688 \u00d7 1520<br \/>\n(2688 \u00d7 1520) @25\/30 fps.<br \/>\n\u00b7 H.265 codec, high compression rate, and ultra-low bit rate.<br \/>\n\u00b7 Built-in IR LED, and the max. illumination distance is 30 m.<br \/>\n\u00b7 ROI, SMART H.264 +\/H.265+, flexible coding, applicable to various<br \/>\nbandwidth and storage environments.<br \/>\n\u00b7 Rotation mode, DWDR, 3D NR, HLC, BLC, digital watermarking,<br \/>\napplicable to various monitoring scenes.<br \/>\n\u00b7 Abnormality detection: Motion detection, video tampering, audio<br \/>\ndetection, network disconnection, IP conflict, and illegal access.<br \/>\n\u00b7 Built-in MIC.<br \/>\n\u00b7 12 V DC\/PoE power supply.<br \/>\n\u00b7 IP67 protection.<br \/>\nEntry Series | DH-IPC-HFW1530S-S6<br \/>\nSeries Overview<br \/>\nWith features of simple installation, easy operation, and high<br \/>\nperformance-cost ratio, Dahua Entry series network camera is applicable<br \/>\nto small and medium-sized scenes, such as homes\/residences, small-<br \/>\nsized retail stores, and other small and medium-sized enterprises.<br \/>\nFunctions<br \/>\nSmart H.265+ &amp; Smart H.264+<br \/>\nWith advanced scene-adaptive rate control algorithm, Dahua smart<br \/>\nencoding technology realizes the higher encoding efficiency than H.265<br \/>\nand H.264, provides high-quality video, and reduces the cost of storage<br \/>\nand transmission.<br \/>\nMotion Detection<br \/>\nWhen moving objects appear in the monitoring image, Dahua Motion<br \/>\nDetection (General) technology triggers alarm or records.<br \/>\nSmart Illumination<br \/>\nDahua Smart Illumination technology can display image in the<br \/>\nenvironment of low illuminance or completely dark environment.<br \/>\nAccording to the distance of the targets, the camera adjusts<br \/>\nIlluminations intensity automatically to display the details of the moving<br \/>\ntarget.<br \/>\nImage Flip<br \/>\nFor narrow and long scenes, Dahua image flip technology flips the image<br \/>\nby 90\u00b0\/180\u00b0\/270\u00b0 to realize better surveillance in rotation mode.<br \/>\nCyber Security<br \/>\nDahua network cameras employ a series of security technologies,<br \/>\nincluding security authentication and authorization, access control<br \/>\nprotocols, trusted protection, encrypted transmission and encrypted<br \/>\nstorage. These technologies improve the camera&#8217;s defense against<br \/>\nexternal cyber threats and prevent malicious programs from comprising<br \/>\nthe device.<br \/>\nProtection (IP67, wide voltage)<br \/>\nIP67: The camera passes a series of strict test on dust and soak. It has<br \/>\ndust-proof function, and the enclosure can works normal after soaking<br \/>\nin 1 m deep water for 30 minutes.<br \/>\nWide voltage: The camera allows \u00b130% (for some power supplies)<br \/>\ninput voltage tolerance (wide voltage range), and it is widely applied to<br \/>\noutdoor environment with instable voltage.<br \/>\nImage FlipMotion DetectionSmart Codec Smart Illumination<br \/>\nwww.dahuasecurity.com<br \/>\nTechnical Specification<br \/>\nCamera<br \/>\nImage Sensor 1\/2.7&#8243; CMOS<br \/>\nMax. Resolution 2880 (H) \u00d7 1620 (V)<br \/>\nROM 16 MB<br \/>\nRAM 128 MB<br \/>\nScanning System Progressive<br \/>\nElectronic Shutter Speed Auto\/Manual 1\/3 s\u20131\/100,000 s<br \/>\nMin. Illumination<br \/>\n0.03 Lux@F2.0 (Color, 30 IRE)<br \/>\n0.003 Lux@F2.0 (B\/W, 30 IRE)<br \/>\n0 Lux (Illuminator on)<br \/>\nS\/N Ratio &gt; 56 dB<br \/>\nIllumination Distance 30 m (98.43 ft) (IR)<br \/>\nIlluminator On\/Off Control Auto\/Manual<br \/>\nIlluminator Number 1 (IR LED)<br \/>\nPan\/Tilt\/Rotation Range<br \/>\nPan: 0\u00b0\u2013360\u00b0<br \/>\nTilt: 0\u00b0\u201390\u00b0<br \/>\nRotation: 0\u00b0\u2013360\u00b0<br \/>\nLens<br \/>\nLens Type Fixed-focal<br \/>\nLens Mount M12<br \/>\nFocal Length 2.8 mm; 3.6 mm<br \/>\nMax. Aperture 2.8 mm: F2.0<br \/>\n3.6 mm: F2.0<br \/>\nField of View 2.8 mm: Horizontal: 106\u00b0; Vertical: 56\u00b0; Diagonal: 125\u00b0<br \/>\n3.6 mm: Horizontal: 92\u00b0; Vertical: 48\u00b0; Diagonal: 109\u00b0<br \/>\nIris Control Fixed<br \/>\nClose Focus Distance 2.8 mm: 0.8 m (2.62 ft)<br \/>\n3.6 mm: 1.3 m (4.27 ft)<br \/>\nDORI Distance<br \/>\nLens Detect Observe Recognize Identify<br \/>\n2.8 mm 56.0 m<br \/>\n(183.73 ft)<br \/>\n22.4 m<br \/>\n(73.49 ft)<br \/>\n11.2 m<br \/>\n(36.75 ft)<br \/>\n5.6 m<br \/>\n(18.37 ft)<br \/>\n3.6 mm 76.0 m<br \/>\n(249.34 ft)<br \/>\n30.4 m<br \/>\n(99.74 ft)<br \/>\n15.2 m<br \/>\n(49.87 ft)<br \/>\n7.6 m<br \/>\n(24.93 ft)<br \/>\nVideo<br \/>\nVideo Compression H.265; H.264; H.264B; MJPEG (only supported by the<br \/>\nsub stream)<br \/>\nSmart Codec Smart H.265+; Smart H.264+<br \/>\nVideo Frame Rate<br \/>\nMain stream:<br \/>\n2880 \u00d7 1620 (1 fps\u201320 fps)<br \/>\n2688 \u00d7 1520 (1 fps\u201325\/30 fps)<br \/>\nSub stream:<br \/>\n704 \u00d7 576 (1 fps\u201325 fps)<br \/>\n704 \u00d7 480 (1 fps\u201330 fps)<br \/>\n*The values above are the max. frame rates of each<br \/>\nstream; for multiple streams, the values will be subjected<br \/>\nto the total encoding capacity.<br \/>\nStream Capability 2 streams<br \/>\nResolution<br \/>\n2880 \u00d7 1620 (2880 \u00d7 1620); 2688 \u00d7 1520 (2688 \u00d7 1520);<br \/>\n2560 \u00d7 1440(2560 \u00d7 1440); 3M (2048 \u00d7 1536); 2304 \u00d7<br \/>\n1296 (2304 \u00d7 1296); 1080p (1920 \u00d7 1080); 1.3M (1280 \u00d7<br \/>\n960); 720p (1280 \u00d7 720); D1 (704 \u00d7 576\/704 \u00d7 480); VGA<br \/>\n(640 \u00d7 480); CIF (352 \u00d7 288\/352 \u00d7 240)<br \/>\nBit Rate Control CBR\/VBR<br \/>\nVideo Bit Rate H.264: 32 kbps\u20136144 kbps<br \/>\nH.265: 12 kbps\u20136144 kbps<br \/>\nDay\/Night Auto(ICR)\/Color\/B\/W<br \/>\nBLC Yes<br \/>\nHLC Yes<br \/>\nWDR DWDR<br \/>\nWhite Balance Auto; natural; street lamp; outdoor; manual; regional<br \/>\ncustom<br \/>\nGain Control Auto; manual<br \/>\nNoise Reduction 3D NR<br \/>\nMotion Detection OFF\/ON (4 areas, rectangular)<br \/>\nRegion of Interest (RoI) Yes (4 areas)<br \/>\nSmart Illumination Yes<br \/>\nImage Rotation 0\u00b0\/90\u00b0\/180\u00b0\/270\u00b0 (Support 90\u00b0\/270\u00b0 with 2688 \u00d7 1520<br \/>\nresolution and lower)<br \/>\nMirror Yes<br \/>\nPrivacy Masking 4 areas<br \/>\nAudio<br \/>\nBuilt-in MIC Yes<br \/>\nAudio Compression G.711a; G.711Mu; G.726; PCM<br \/>\nAlarm<br \/>\nAlarm Event<br \/>\nNetwork disconnection; IP conflict; illegal access; motion<br \/>\ndetection; video tampering; audio detection; security<br \/>\nexception<br \/>\nNetwork<br \/>\nNetwork Port RJ-45 (10\/100 Base-T)<br \/>\nSDK and API Yes<br \/>\nCyber Security<br \/>\nVideo encryption; configuration encryption; Digest;<br \/>\nWSSE; account lockout; security logs; generation and<br \/>\nimporting of X.509 certification; HTTPS; trusted boot;<br \/>\ntrusted execution; trusted upgrade<br \/>\nNetwork Protocol IPv4; IPv6; HTTP; TCP; UDP; ARP; RTP; RTSP; SMTP; FTP;<br \/>\nDHCP; DNS; DDNS; NTP; Multicast<br \/>\nInteroperability ONVIF (Profile S\/Profile T); CGI; P2P; Genetec; Milestone<br \/>\nUser\/Host 6 (Total bandwidth: 48 M)<br \/>\nStorage FTP<br \/>\nBrowser<br \/>\nIE<br \/>\nChrome<br \/>\nFirefox<br \/>\nManagement Software Smart PSS; DSS; DMSS<br \/>\nMobile Client IOS; Android<br \/>\nCertification<br \/>\nCertifications<br \/>\nCE-LVD: EN62368-1<br \/>\nCE-EMC: Electromagnetic Compatibility Directive<br \/>\n2014\/30\/EU<br \/>\nFCC: 47 CFR FCC Part 15, Subpart B<br \/>\nEntry Series | DH-IPC-HFW1530S-S6<br \/>\nPower<br \/>\nPower Supply 12V DC\/PoE (802.3af)<br \/>\nPower Consumption<br \/>\nBasic: 1.9W (12V DC); 2.3W (PoE)<br \/>\nMax. (ICR + H.265 + max. resolution + main stream +<br \/>\nDWDR + IR intensity): 3.9W (12V DC); 4.5W (PoE)<br \/>\nEnvironment<br \/>\nOperating Temperature \u201340\u00b0C to +60\u00b0C (\u201340\u00b0F to +140\u00b0F)<br \/>\nOperating Humidity \u226495%<br \/>\nStorage Temperature \u201340\u00b0C to +60\u00b0C (\u201340\u00b0F to +140\u00b0F)<br \/>\nProtection IP67<br \/>\nStructure<br \/>\nCasing Metal<br \/>\nProduct Dimensions 162.1 mm \u00d7 \u03a670.1 mm (6.38&#8243; \u00d7 \u03a62.76&#8243;)<br \/>\nNet Weight 0.32 kg (0.71 lb)<br \/>\nGross Weight 0.45 kg (0.99 lb)<br \/>\nwww.dahuasecurity.com<br \/>\nOrdering Information<br \/>\nType Model Description<br \/>\n5MP<br \/>\nCamera DH-IPC-HFW1530S-S6 5MP Entry IR Fixed-focal Bullet<br \/>\nNetwork Camera<br \/>\nAccessories<br \/>\n(optional)<br \/>\nPFA134 Junction Box<br \/>\nPFA130-E IP66 Junction Box<br \/>\nPFA152-E Pole Mount Bracket<br \/>\nPFM321D 12V DC 1A Power Adapter<br \/>\nPFM900-E Integrated Mount Tester<br \/>\nAccessories<br \/>\nOptional:<br \/>\nPFA134<br \/>\nJunction Box<br \/>\nPFM321D<br \/>\n12V DC 1A Power Adapter<br \/>\nPFM900-E<br \/>\nIntegrated Mount Tester<br \/>\nPFA152-E<br \/>\nPole Mount Bracket<br \/>\nPFA130-E<br \/>\nIP66 Junction Box<br \/>\nDimensions (mm[inch])<br \/>\nRev 001.001 \u00a9 2021 Dahua. All rights reserved. Design and specifications are subject to change without notice.<br \/>\nPictures in the document are for reference only, and the actual product shall prevail.<br \/>\nEntry Series | DH-IPC-HFW1530S-S6<\/li>\n<\/ul>\n","protected":false},"excerpt":{"rendered":"<p>\u00b7 5MP 1\/2.7&#8243; CMOS image sensor, low luminance, and high definition<br \/>\nimage.<br \/>\n\u00b7 Outputs max. 5MP (2880 \u00d7 1620) @20 fps and supports 2688 \u00d7 1520<br \/>\n(2688 \u00d7 1520) @25\/30 fps.<br \/>\n\u00b7 H.265 codec, high compression rate, and ultra-low bit rate.<br \/>\n\u00b7 Built-in IR LED, and the max. illumination distance is 30 m.<br \/>\n\u00b7 ROI, SMART H.264 +\/H.265+, flexible coding, applicable to various<br \/>\nbandwidth and storage environments.<br \/>\n\u00b7 Rotation mode, DWDR, 3D NR, HLC, BLC, digital watermarking,<br \/>\napplicable to various monitoring scenes.<br \/>\n\u00b7 Abnormality detection: Motion detection, video tampering, audio<br \/>\ndetection, network disconnection, IP conflict, and illegal access.<br \/>\n\u00b7 Built-in MIC.<br \/>\n\u00b7 12 V DC\/PoE power supply.<br \/>\n\u00b7 IP67 protection<\/p>\n","protected":false},"featured_media":9991,"comment_status":"open","ping_status":"closed","template":"","meta":{"_monsterinsights_skip_tracking":false,"_monsterinsights_sitenote_active":false,"_monsterinsights_sitenote_note":"","_monsterinsights_sitenote_category":0,"_uf_show_specific_survey":0,"_uf_disable_surveys":false},"product_cat":[193],"product_tag":[],"class_list":{"0":"post-9830","1":"product","2":"type-product","3":"status-publish","4":"has-post-thumbnail","6":"product_cat-security-systems","8":"first","9":"instock","10":"sale","11":"shipping-taxable","12":"purchasable","13":"product-type-simple"},"_links":{"self":[{"href":"https:\/\/mastercare.tech\/ar\/wp-json\/wp\/v2\/product\/9830","targetHints":{"allow":["GET"]}}],"collection":[{"href":"https:\/\/mastercare.tech\/ar\/wp-json\/wp\/v2\/product"}],"about":[{"href":"https:\/\/mastercare.tech\/ar\/wp-json\/wp\/v2\/types\/product"}],"replies":[{"embeddable":true,"href":"https:\/\/mastercare.tech\/ar\/wp-json\/wp\/v2\/comments?post=9830"}],"version-history":[{"count":0,"href":"https:\/\/mastercare.tech\/ar\/wp-json\/wp\/v2\/product\/9830\/revisions"}],"wp:featuredmedia":[{"embeddable":true,"href":"https:\/\/mastercare.tech\/ar\/wp-json\/wp\/v2\/media\/9991"}],"wp:attachment":[{"href":"https:\/\/mastercare.tech\/ar\/wp-json\/wp\/v2\/media?parent=9830"}],"wp:term":[{"taxonomy":"product_cat","embeddable":true,"href":"https:\/\/mastercare.tech\/ar\/wp-json\/wp\/v2\/product_cat?post=9830"},{"taxonomy":"product_tag","embeddable":true,"href":"https:\/\/mastercare.tech\/ar\/wp-json\/wp\/v2\/product_tag?post=9830"}],"curies":[{"name":"wp","href":"https:\/\/api.w.org\/{rel}","templated":true}]}}